{"id":22,"date":"2025-09-24T17:43:48","date_gmt":"2025-09-24T17:43:48","guid":{"rendered":"https:\/\/tabasco420.com\/?page_id=22"},"modified":"2025-09-24T17:43:48","modified_gmt":"2025-09-24T17:43:48","slug":"quienes-somos","status":"publish","type":"page","link":"https:\/\/tabasco420.com\/index.php\/quienes-somos\/","title":{"rendered":"Quienes somos"},"content":{"rendered":"<p>Monterreycannabis.com es una empresa familiar que cree en la legalizacion absoluta del Cannabis en Mexico,<br \/>\nEn los valores familiares, en el respeto, la calidad, y sin enga\u00f1os.<\/p>\n<p>La empresa inicio hace casi 3 a\u00f1os y medio, de la mano de Eva &amp; Mike, y de una serie de amigos de la zona norte de Monterrey, los cuales gracias a los mejores cultivadores, y distribuidores de productos, han logrado establecerse de forma correcta y positiva en el mercado de Monterrey, Nuevo leon.<\/p>\n<p>Todos los envios se hacen de Lunes a Sabado.<br \/>\nLos pagos solo son previos, no se trabaja ni se envia, ni se emplea tiempo en personas o clientes nuevos los cuales quieran \u201cPagar al recibir \u201d Esto es un negocio serio, y comprometido. No estamos para perder el tiempo.<br \/>\nTiempo es dinero.<\/p>\n<p>Gracias<\/p>\n","protected":false},"excerpt":{"rendered":"<p>Monterreycannabis.com es una empresa familiar que cree en la legalizacion absoluta del Cannabis en Mexico, En los valores familiares, en el respeto, la calidad, y sin enga\u00f1os. La empresa inicio hace casi 3 a\u00f1os y medio, de la mano de Eva &amp; Mike, y de una serie de amigos de la zona norte de Monterrey, [&hellip;]<\/p>\n","protected":false},"author":1,"featured_media":0,"parent":0,"menu_order":0,"comment_status":"closed","ping_status":"closed","template":"","meta":{"footnotes":""},"class_list":["post-22","page","type-page","status-publish","hentry"],"yoast_head":"<!-- This site is optimized with the Yoast SEO plugin v26.0 - https:\/\/yoast.com\/wordpress\/plugins\/seo\/ -->\n<title>Quienes somos - 420 Tabasco Comprar Mota Marihuana Tabasco Villahermosa Entrega en Casa y Envios Nacionales \u2013 Whatsapp: 00528135669557 \u2013 Eva Whatsapp Secundario : 00528132769756 Mike \u2013<\/title>\n<meta name=\"robots\" content=\"index, follow, max-snippet:-1, max-image-preview:large, max-video-preview:-1\" \/>\n<link rel=\"canonical\" href=\"https:\/\/tabasco420.com\/index.php\/quienes-somos\/\" \/>\n<meta property=\"og:locale\" content=\"es_MX\" \/>\n<meta property=\"og:type\" content=\"article\" \/>\n<meta property=\"og:title\" content=\"Quienes somos - 420 Tabasco Comprar Mota Marihuana Tabasco Villahermosa Entrega en Casa y Envios Nacionales \u2013 Whatsapp: 00528135669557 \u2013 Eva Whatsapp Secundario : 00528132769756 Mike \u2013\" \/>\n<meta property=\"og:description\" content=\"Monterreycannabis.com es una empresa familiar que cree en la legalizacion absoluta del Cannabis en Mexico, En los valores familiares, en el respeto, la calidad, y sin enga\u00f1os. La empresa inicio hace casi 3 a\u00f1os y medio, de la mano de Eva &amp; Mike, y de una serie de amigos de la zona norte de Monterrey, [&hellip;]\" \/>\n<meta property=\"og:url\" content=\"https:\/\/tabasco420.com\/index.php\/quienes-somos\/\" \/>\n<meta property=\"og:site_name\" content=\"420 Tabasco Comprar Mota Marihuana Tabasco Villahermosa Entrega en Casa y Envios Nacionales \u2013 Whatsapp: 00528135669557 \u2013 Eva Whatsapp Secundario : 00528132769756 Mike \u2013\" \/>\n<meta name=\"twitter:card\" content=\"summary_large_image\" \/>\n<meta name=\"twitter:label1\" content=\"Tiempo de lectura\" \/>\n\t<meta name=\"twitter:data1\" content=\"1 minuto\" \/>\n<script type=\"application\/ld+json\" class=\"yoast-schema-graph\">{\"@context\":\"https:\/\/schema.org\",\"@graph\":[{\"@type\":\"WebPage\",\"@id\":\"https:\/\/tabasco420.com\/index.php\/quienes-somos\/\",\"url\":\"https:\/\/tabasco420.com\/index.php\/quienes-somos\/\",\"name\":\"Quienes somos - 420 Tabasco Comprar Mota Marihuana Tabasco Villahermosa Entrega en Casa y Envios Nacionales \u2013 Whatsapp: 00528135669557 \u2013 Eva Whatsapp Secundario : 00528132769756 Mike \u2013\",\"isPartOf\":{\"@id\":\"https:\/\/tabasco420.com\/#website\"},\"datePublished\":\"2025-09-24T17:43:48+00:00\",\"breadcrumb\":{\"@id\":\"https:\/\/tabasco420.com\/index.php\/quienes-somos\/#breadcrumb\"},\"inLanguage\":\"es\",\"potentialAction\":[{\"@type\":\"ReadAction\",\"target\":[\"https:\/\/tabasco420.com\/index.php\/quienes-somos\/\"]}]},{\"@type\":\"BreadcrumbList\",\"@id\":\"https:\/\/tabasco420.com\/index.php\/quienes-somos\/#breadcrumb\",\"itemListElement\":[{\"@type\":\"ListItem\",\"position\":1,\"name\":\"Inicio\",\"item\":\"https:\/\/tabasco420.com\/\"},{\"@type\":\"ListItem\",\"position\":2,\"name\":\"Quienes somos\"}]},{\"@type\":\"WebSite\",\"@id\":\"https:\/\/tabasco420.com\/#website\",\"url\":\"https:\/\/tabasco420.com\/\",\"name\":\"420 Tabasco Comprar Mota Marihuana Tabasco Villahermosa Entrega en Casa y Envios Nacionales \u2013 Whatsapp: 00528135669557 \u2013 Eva Whatsapp Secundario : 00528132769756 Mike \u2013\",\"description\":\"Aunque nacimos con la visi\u00f3n de llevar la cultura 420 a Tabasco y Villahermosa, hoy llegamos a cada rinc\u00f3n de M\u00e9xico con la misma pasi\u00f3n: ofrecerte acceso f\u00e1cil, r\u00e1pido y seguro a lo que buscas.  Ya seas de Villahermosa, Monterrey, CDMX, Guadalajara, Oaxaca o Canc\u00fan, en Tabasco420.com tenemos la soluci\u00f3n para ti.\",\"publisher\":{\"@id\":\"https:\/\/tabasco420.com\/#organization\"},\"potentialAction\":[{\"@type\":\"SearchAction\",\"target\":{\"@type\":\"EntryPoint\",\"urlTemplate\":\"https:\/\/tabasco420.com\/?s={search_term_string}\"},\"query-input\":{\"@type\":\"PropertyValueSpecification\",\"valueRequired\":true,\"valueName\":\"search_term_string\"}}],\"inLanguage\":\"es\"},{\"@type\":\"Organization\",\"@id\":\"https:\/\/tabasco420.com\/#organization\",\"name\":\"420 Tabasco Comprar Mota Marihuana Tabasco Villahermosa Entrega en Casa y Envios Nacionales \u2013 Whatsapp: 00528135669557 \u2013 Eva Whatsapp Secundario : 00528132769756 Mike \u2013\",\"url\":\"https:\/\/tabasco420.com\/\",\"logo\":{\"@type\":\"ImageObject\",\"inLanguage\":\"es\",\"@id\":\"https:\/\/tabasco420.com\/#\/schema\/logo\/image\/\",\"url\":\"https:\/\/tabasco420.com\/wp-content\/uploads\/2025\/09\/cropped-austintx5.jpg\",\"contentUrl\":\"https:\/\/tabasco420.com\/wp-content\/uploads\/2025\/09\/cropped-austintx5.jpg\",\"width\":512,\"height\":512,\"caption\":\"420 Tabasco Comprar Mota Marihuana Tabasco Villahermosa Entrega en Casa y Envios Nacionales \u2013 Whatsapp: 00528135669557 \u2013 Eva Whatsapp Secundario : 00528132769756 Mike \u2013\"},\"image\":{\"@id\":\"https:\/\/tabasco420.com\/#\/schema\/logo\/image\/\"}}]}<\/script>\n<!-- \/ Yoast SEO plugin. -->","yoast_head_json":{"title":"Quienes somos - 420 Tabasco Comprar Mota Marihuana Tabasco Villahermosa Entrega en Casa y Envios Nacionales \u2013 Whatsapp: 00528135669557 \u2013 Eva Whatsapp Secundario : 00528132769756 Mike \u2013","robots":{"index":"index","follow":"follow","max-snippet":"max-snippet:-1","max-image-preview":"max-image-preview:large","max-video-preview":"max-video-preview:-1"},"canonical":"https:\/\/tabasco420.com\/index.php\/quienes-somos\/","og_locale":"es_MX","og_type":"article","og_title":"Quienes somos - 420 Tabasco Comprar Mota Marihuana Tabasco Villahermosa Entrega en Casa y Envios Nacionales \u2013 Whatsapp: 00528135669557 \u2013 Eva Whatsapp Secundario : 00528132769756 Mike \u2013","og_description":"Monterreycannabis.com es una empresa familiar que cree en la legalizacion absoluta del Cannabis en Mexico, En los valores familiares, en el respeto, la calidad, y sin enga\u00f1os. La empresa inicio hace casi 3 a\u00f1os y medio, de la mano de Eva &amp; Mike, y de una serie de amigos de la zona norte de Monterrey, [&hellip;]","og_url":"https:\/\/tabasco420.com\/index.php\/quienes-somos\/","og_site_name":"420 Tabasco Comprar Mota Marihuana Tabasco Villahermosa Entrega en Casa y Envios Nacionales \u2013 Whatsapp: 00528135669557 \u2013 Eva Whatsapp Secundario : 00528132769756 Mike \u2013","twitter_card":"summary_large_image","twitter_misc":{"Tiempo de lectura":"1 minuto"},"schema":{"@context":"https:\/\/schema.org","@graph":[{"@type":"WebPage","@id":"https:\/\/tabasco420.com\/index.php\/quienes-somos\/","url":"https:\/\/tabasco420.com\/index.php\/quienes-somos\/","name":"Quienes somos - 420 Tabasco Comprar Mota Marihuana Tabasco Villahermosa Entrega en Casa y Envios Nacionales \u2013 Whatsapp: 00528135669557 \u2013 Eva Whatsapp Secundario : 00528132769756 Mike \u2013","isPartOf":{"@id":"https:\/\/tabasco420.com\/#website"},"datePublished":"2025-09-24T17:43:48+00:00","breadcrumb":{"@id":"https:\/\/tabasco420.com\/index.php\/quienes-somos\/#breadcrumb"},"inLanguage":"es","potentialAction":[{"@type":"ReadAction","target":["https:\/\/tabasco420.com\/index.php\/quienes-somos\/"]}]},{"@type":"BreadcrumbList","@id":"https:\/\/tabasco420.com\/index.php\/quienes-somos\/#breadcrumb","itemListElement":[{"@type":"ListItem","position":1,"name":"Inicio","item":"https:\/\/tabasco420.com\/"},{"@type":"ListItem","position":2,"name":"Quienes somos"}]},{"@type":"WebSite","@id":"https:\/\/tabasco420.com\/#website","url":"https:\/\/tabasco420.com\/","name":"420 Tabasco Comprar Mota Marihuana Tabasco Villahermosa Entrega en Casa y Envios Nacionales \u2013 Whatsapp: 00528135669557 \u2013 Eva Whatsapp Secundario : 00528132769756 Mike \u2013","description":"Aunque nacimos con la visi\u00f3n de llevar la cultura 420 a Tabasco y Villahermosa, hoy llegamos a cada rinc\u00f3n de M\u00e9xico con la misma pasi\u00f3n: ofrecerte acceso f\u00e1cil, r\u00e1pido y seguro a lo que buscas.  Ya seas de Villahermosa, Monterrey, CDMX, Guadalajara, Oaxaca o Canc\u00fan, en Tabasco420.com tenemos la soluci\u00f3n para ti.","publisher":{"@id":"https:\/\/tabasco420.com\/#organization"},"potentialAction":[{"@type":"SearchAction","target":{"@type":"EntryPoint","urlTemplate":"https:\/\/tabasco420.com\/?s={search_term_string}"},"query-input":{"@type":"PropertyValueSpecification","valueRequired":true,"valueName":"search_term_string"}}],"inLanguage":"es"},{"@type":"Organization","@id":"https:\/\/tabasco420.com\/#organization","name":"420 Tabasco Comprar Mota Marihuana Tabasco Villahermosa Entrega en Casa y Envios Nacionales \u2013 Whatsapp: 00528135669557 \u2013 Eva Whatsapp Secundario : 00528132769756 Mike \u2013","url":"https:\/\/tabasco420.com\/","logo":{"@type":"ImageObject","inLanguage":"es","@id":"https:\/\/tabasco420.com\/#\/schema\/logo\/image\/","url":"https:\/\/tabasco420.com\/wp-content\/uploads\/2025\/09\/cropped-austintx5.jpg","contentUrl":"https:\/\/tabasco420.com\/wp-content\/uploads\/2025\/09\/cropped-austintx5.jpg","width":512,"height":512,"caption":"420 Tabasco Comprar Mota Marihuana Tabasco Villahermosa Entrega en Casa y Envios Nacionales \u2013 Whatsapp: 00528135669557 \u2013 Eva Whatsapp Secundario : 00528132769756 Mike \u2013"},"image":{"@id":"https:\/\/tabasco420.com\/#\/schema\/logo\/image\/"}}]}},"_links":{"self":[{"href":"https:\/\/tabasco420.com\/index.php\/wp-json\/wp\/v2\/pages\/22","targetHints":{"allow":["GET"]}}],"collection":[{"href":"https:\/\/tabasco420.com\/index.php\/wp-json\/wp\/v2\/pages"}],"about":[{"href":"https:\/\/tabasco420.com\/index.php\/wp-json\/wp\/v2\/types\/page"}],"author":[{"embeddable":true,"href":"https:\/\/tabasco420.com\/index.php\/wp-json\/wp\/v2\/users\/1"}],"replies":[{"embeddable":true,"href":"https:\/\/tabasco420.com\/index.php\/wp-json\/wp\/v2\/comments?post=22"}],"version-history":[{"count":1,"href":"https:\/\/tabasco420.com\/index.php\/wp-json\/wp\/v2\/pages\/22\/revisions"}],"predecessor-version":[{"id":23,"href":"https:\/\/tabasco420.com\/index.php\/wp-json\/wp\/v2\/pages\/22\/revisions\/23"}],"wp:attachment":[{"href":"https:\/\/tabasco420.com\/index.php\/wp-json\/wp\/v2\/media?parent=22"}],"curies":[{"name":"wp","href":"https:\/\/api.w.org\/{rel}","templated":true}]}}