{"id":24,"date":"2025-09-24T17:44:23","date_gmt":"2025-09-24T17:44:23","guid":{"rendered":"https:\/\/tabasco420.com\/?page_id=24"},"modified":"2025-09-24T17:44:23","modified_gmt":"2025-09-24T17:44:23","slug":"redes-sociales","status":"publish","type":"page","link":"https:\/\/tabasco420.com\/index.php\/redes-sociales\/","title":{"rendered":"Redes sociales"},"content":{"rendered":"<p>Puedes encontrarnos en facebook, instagram, telegram.<\/p>\n<p>Tambien tenemos algunos videos en Youtube, Mastodon y Reedit.<\/p>\n<p>Recuerda, no confies en imitadores, o en personas que quieran lucrarse en nuestro nombre,<br \/>\nSi no incluye la web de monterreycannabis.com y los numeros de la web, no somos nosotros.<\/p>\n<p>Telegram @monterreycannabis<br \/>\nCanal telegram http:\/\/t.me\/monterreycannabis<\/p>\n<p>Gracias por la comprension<\/p>\n","protected":false},"excerpt":{"rendered":"<p>Puedes encontrarnos en facebook, instagram, telegram. Tambien tenemos algunos videos en Youtube, Mastodon y Reedit. Recuerda, no confies en imitadores, o en personas que quieran lucrarse en nuestro nombre, Si no incluye la web de monterreycannabis.com y los numeros de la web, no somos nosotros. Telegram @monterreycannabis Canal telegram http:\/\/t.me\/monterreycannabis Gracias por la comprension<\/p>\n","protected":false},"author":1,"featured_media":0,"parent":0,"menu_order":0,"comment_status":"closed","ping_status":"closed","template":"","meta":{"footnotes":""},"class_list":["post-24","page","type-page","status-publish","hentry"],"yoast_head":"<!-- This site is optimized with the Yoast SEO plugin v26.0 - https:\/\/yoast.com\/wordpress\/plugins\/seo\/ -->\n<title>Redes sociales - 420 Tabasco Comprar Mota Marihuana Tabasco Villahermosa Entrega en Casa y Envios Nacionales \u2013 Whatsapp: 00528135669557 \u2013 Eva Whatsapp Secundario : 00528132769756 Mike \u2013<\/title>\n<meta name=\"robots\" content=\"index, follow, max-snippet:-1, max-image-preview:large, max-video-preview:-1\" \/>\n<link rel=\"canonical\" href=\"https:\/\/tabasco420.com\/index.php\/redes-sociales\/\" \/>\n<meta property=\"og:locale\" content=\"es_MX\" \/>\n<meta property=\"og:type\" content=\"article\" \/>\n<meta property=\"og:title\" content=\"Redes sociales - 420 Tabasco Comprar Mota Marihuana Tabasco Villahermosa Entrega en Casa y Envios Nacionales \u2013 Whatsapp: 00528135669557 \u2013 Eva Whatsapp Secundario : 00528132769756 Mike \u2013\" \/>\n<meta property=\"og:description\" content=\"Puedes encontrarnos en facebook, instagram, telegram. Tambien tenemos algunos videos en Youtube, Mastodon y Reedit. Recuerda, no confies en imitadores, o en personas que quieran lucrarse en nuestro nombre, Si no incluye la web de monterreycannabis.com y los numeros de la web, no somos nosotros. Telegram @monterreycannabis Canal telegram http:\/\/t.me\/monterreycannabis Gracias por la comprension\" \/>\n<meta property=\"og:url\" content=\"https:\/\/tabasco420.com\/index.php\/redes-sociales\/\" \/>\n<meta property=\"og:site_name\" content=\"420 Tabasco Comprar Mota Marihuana Tabasco Villahermosa Entrega en Casa y Envios Nacionales \u2013 Whatsapp: 00528135669557 \u2013 Eva Whatsapp Secundario : 00528132769756 Mike \u2013\" \/>\n<meta name=\"twitter:card\" content=\"summary_large_image\" \/>\n<script type=\"application\/ld+json\" class=\"yoast-schema-graph\">{\"@context\":\"https:\/\/schema.org\",\"@graph\":[{\"@type\":\"WebPage\",\"@id\":\"https:\/\/tabasco420.com\/index.php\/redes-sociales\/\",\"url\":\"https:\/\/tabasco420.com\/index.php\/redes-sociales\/\",\"name\":\"Redes sociales - 420 Tabasco Comprar Mota Marihuana Tabasco Villahermosa Entrega en Casa y Envios Nacionales \u2013 Whatsapp: 00528135669557 \u2013 Eva Whatsapp Secundario : 00528132769756 Mike \u2013\",\"isPartOf\":{\"@id\":\"https:\/\/tabasco420.com\/#website\"},\"datePublished\":\"2025-09-24T17:44:23+00:00\",\"breadcrumb\":{\"@id\":\"https:\/\/tabasco420.com\/index.php\/redes-sociales\/#breadcrumb\"},\"inLanguage\":\"es\",\"potentialAction\":[{\"@type\":\"ReadAction\",\"target\":[\"https:\/\/tabasco420.com\/index.php\/redes-sociales\/\"]}]},{\"@type\":\"BreadcrumbList\",\"@id\":\"https:\/\/tabasco420.com\/index.php\/redes-sociales\/#breadcrumb\",\"itemListElement\":[{\"@type\":\"ListItem\",\"position\":1,\"name\":\"Inicio\",\"item\":\"https:\/\/tabasco420.com\/\"},{\"@type\":\"ListItem\",\"position\":2,\"name\":\"Redes sociales\"}]},{\"@type\":\"WebSite\",\"@id\":\"https:\/\/tabasco420.com\/#website\",\"url\":\"https:\/\/tabasco420.com\/\",\"name\":\"420 Tabasco Comprar Mota Marihuana Tabasco Villahermosa Entrega en Casa y Envios Nacionales \u2013 Whatsapp: 00528135669557 \u2013 Eva Whatsapp Secundario : 00528132769756 Mike \u2013\",\"description\":\"Aunque nacimos con la visi\u00f3n de llevar la cultura 420 a Tabasco y Villahermosa, hoy llegamos a cada rinc\u00f3n de M\u00e9xico con la misma pasi\u00f3n: ofrecerte acceso f\u00e1cil, r\u00e1pido y seguro a lo que buscas.  Ya seas de Villahermosa, Monterrey, CDMX, Guadalajara, Oaxaca o Canc\u00fan, en Tabasco420.com tenemos la soluci\u00f3n para ti.\",\"publisher\":{\"@id\":\"https:\/\/tabasco420.com\/#organization\"},\"potentialAction\":[{\"@type\":\"SearchAction\",\"target\":{\"@type\":\"EntryPoint\",\"urlTemplate\":\"https:\/\/tabasco420.com\/?s={search_term_string}\"},\"query-input\":{\"@type\":\"PropertyValueSpecification\",\"valueRequired\":true,\"valueName\":\"search_term_string\"}}],\"inLanguage\":\"es\"},{\"@type\":\"Organization\",\"@id\":\"https:\/\/tabasco420.com\/#organization\",\"name\":\"420 Tabasco Comprar Mota Marihuana Tabasco Villahermosa Entrega en Casa y Envios Nacionales \u2013 Whatsapp: 00528135669557 \u2013 Eva Whatsapp Secundario : 00528132769756 Mike \u2013\",\"url\":\"https:\/\/tabasco420.com\/\",\"logo\":{\"@type\":\"ImageObject\",\"inLanguage\":\"es\",\"@id\":\"https:\/\/tabasco420.com\/#\/schema\/logo\/image\/\",\"url\":\"https:\/\/tabasco420.com\/wp-content\/uploads\/2025\/09\/cropped-austintx5.jpg\",\"contentUrl\":\"https:\/\/tabasco420.com\/wp-content\/uploads\/2025\/09\/cropped-austintx5.jpg\",\"width\":512,\"height\":512,\"caption\":\"420 Tabasco Comprar Mota Marihuana Tabasco Villahermosa Entrega en Casa y Envios Nacionales \u2013 Whatsapp: 00528135669557 \u2013 Eva Whatsapp Secundario : 00528132769756 Mike \u2013\"},\"image\":{\"@id\":\"https:\/\/tabasco420.com\/#\/schema\/logo\/image\/\"}}]}<\/script>\n<!-- \/ Yoast SEO plugin. -->","yoast_head_json":{"title":"Redes sociales - 420 Tabasco Comprar Mota Marihuana Tabasco Villahermosa Entrega en Casa y Envios Nacionales \u2013 Whatsapp: 00528135669557 \u2013 Eva Whatsapp Secundario : 00528132769756 Mike \u2013","robots":{"index":"index","follow":"follow","max-snippet":"max-snippet:-1","max-image-preview":"max-image-preview:large","max-video-preview":"max-video-preview:-1"},"canonical":"https:\/\/tabasco420.com\/index.php\/redes-sociales\/","og_locale":"es_MX","og_type":"article","og_title":"Redes sociales - 420 Tabasco Comprar Mota Marihuana Tabasco Villahermosa Entrega en Casa y Envios Nacionales \u2013 Whatsapp: 00528135669557 \u2013 Eva Whatsapp Secundario : 00528132769756 Mike \u2013","og_description":"Puedes encontrarnos en facebook, instagram, telegram. Tambien tenemos algunos videos en Youtube, Mastodon y Reedit. Recuerda, no confies en imitadores, o en personas que quieran lucrarse en nuestro nombre, Si no incluye la web de monterreycannabis.com y los numeros de la web, no somos nosotros. Telegram @monterreycannabis Canal telegram http:\/\/t.me\/monterreycannabis Gracias por la comprension","og_url":"https:\/\/tabasco420.com\/index.php\/redes-sociales\/","og_site_name":"420 Tabasco Comprar Mota Marihuana Tabasco Villahermosa Entrega en Casa y Envios Nacionales \u2013 Whatsapp: 00528135669557 \u2013 Eva Whatsapp Secundario : 00528132769756 Mike \u2013","twitter_card":"summary_large_image","schema":{"@context":"https:\/\/schema.org","@graph":[{"@type":"WebPage","@id":"https:\/\/tabasco420.com\/index.php\/redes-sociales\/","url":"https:\/\/tabasco420.com\/index.php\/redes-sociales\/","name":"Redes sociales - 420 Tabasco Comprar Mota Marihuana Tabasco Villahermosa Entrega en Casa y Envios Nacionales \u2013 Whatsapp: 00528135669557 \u2013 Eva Whatsapp Secundario : 00528132769756 Mike \u2013","isPartOf":{"@id":"https:\/\/tabasco420.com\/#website"},"datePublished":"2025-09-24T17:44:23+00:00","breadcrumb":{"@id":"https:\/\/tabasco420.com\/index.php\/redes-sociales\/#breadcrumb"},"inLanguage":"es","potentialAction":[{"@type":"ReadAction","target":["https:\/\/tabasco420.com\/index.php\/redes-sociales\/"]}]},{"@type":"BreadcrumbList","@id":"https:\/\/tabasco420.com\/index.php\/redes-sociales\/#breadcrumb","itemListElement":[{"@type":"ListItem","position":1,"name":"Inicio","item":"https:\/\/tabasco420.com\/"},{"@type":"ListItem","position":2,"name":"Redes sociales"}]},{"@type":"WebSite","@id":"https:\/\/tabasco420.com\/#website","url":"https:\/\/tabasco420.com\/","name":"420 Tabasco Comprar Mota Marihuana Tabasco Villahermosa Entrega en Casa y Envios Nacionales \u2013 Whatsapp: 00528135669557 \u2013 Eva Whatsapp Secundario : 00528132769756 Mike \u2013","description":"Aunque nacimos con la visi\u00f3n de llevar la cultura 420 a Tabasco y Villahermosa, hoy llegamos a cada rinc\u00f3n de M\u00e9xico con la misma pasi\u00f3n: ofrecerte acceso f\u00e1cil, r\u00e1pido y seguro a lo que buscas.  Ya seas de Villahermosa, Monterrey, CDMX, Guadalajara, Oaxaca o Canc\u00fan, en Tabasco420.com tenemos la soluci\u00f3n para ti.","publisher":{"@id":"https:\/\/tabasco420.com\/#organization"},"potentialAction":[{"@type":"SearchAction","target":{"@type":"EntryPoint","urlTemplate":"https:\/\/tabasco420.com\/?s={search_term_string}"},"query-input":{"@type":"PropertyValueSpecification","valueRequired":true,"valueName":"search_term_string"}}],"inLanguage":"es"},{"@type":"Organization","@id":"https:\/\/tabasco420.com\/#organization","name":"420 Tabasco Comprar Mota Marihuana Tabasco Villahermosa Entrega en Casa y Envios Nacionales \u2013 Whatsapp: 00528135669557 \u2013 Eva Whatsapp Secundario : 00528132769756 Mike \u2013","url":"https:\/\/tabasco420.com\/","logo":{"@type":"ImageObject","inLanguage":"es","@id":"https:\/\/tabasco420.com\/#\/schema\/logo\/image\/","url":"https:\/\/tabasco420.com\/wp-content\/uploads\/2025\/09\/cropped-austintx5.jpg","contentUrl":"https:\/\/tabasco420.com\/wp-content\/uploads\/2025\/09\/cropped-austintx5.jpg","width":512,"height":512,"caption":"420 Tabasco Comprar Mota Marihuana Tabasco Villahermosa Entrega en Casa y Envios Nacionales \u2013 Whatsapp: 00528135669557 \u2013 Eva Whatsapp Secundario : 00528132769756 Mike \u2013"},"image":{"@id":"https:\/\/tabasco420.com\/#\/schema\/logo\/image\/"}}]}},"_links":{"self":[{"href":"https:\/\/tabasco420.com\/index.php\/wp-json\/wp\/v2\/pages\/24","targetHints":{"allow":["GET"]}}],"collection":[{"href":"https:\/\/tabasco420.com\/index.php\/wp-json\/wp\/v2\/pages"}],"about":[{"href":"https:\/\/tabasco420.com\/index.php\/wp-json\/wp\/v2\/types\/page"}],"author":[{"embeddable":true,"href":"https:\/\/tabasco420.com\/index.php\/wp-json\/wp\/v2\/users\/1"}],"replies":[{"embeddable":true,"href":"https:\/\/tabasco420.com\/index.php\/wp-json\/wp\/v2\/comments?post=24"}],"version-history":[{"count":1,"href":"https:\/\/tabasco420.com\/index.php\/wp-json\/wp\/v2\/pages\/24\/revisions"}],"predecessor-version":[{"id":25,"href":"https:\/\/tabasco420.com\/index.php\/wp-json\/wp\/v2\/pages\/24\/revisions\/25"}],"wp:attachment":[{"href":"https:\/\/tabasco420.com\/index.php\/wp-json\/wp\/v2\/media?parent=24"}],"curies":[{"name":"wp","href":"https:\/\/api.w.org\/{rel}","templated":true}]}}