{"id":30,"date":"2025-09-24T17:46:39","date_gmt":"2025-09-24T17:46:39","guid":{"rendered":"https:\/\/tabasco420.com\/?page_id=30"},"modified":"2025-09-24T17:46:39","modified_gmt":"2025-09-24T17:46:39","slug":"metatags1-tb","status":"publish","type":"page","link":"https:\/\/tabasco420.com\/index.php\/metatags1-tb\/","title":{"rendered":"metatags1-TB"},"content":{"rendered":"<p data-start=\"124\" data-end=\"6196\">tabasco, villahermosa, turismo tabasco, turismo villahermosa, viajar a tabasco, viajar a villahermosa, hoteles tabasco, hoteles villahermosa, gastronom\u00eda tabasco, gastronom\u00eda villahermosa, pozol tabasco, cultura tabasco, cultura villahermosa, parques villahermosa, parques tabasco, museos tabasco, museos villahermosa, zona arqueol\u00f3gica tabasco, comalcalco, cacao tabasco, chocolate tabasco, tradiciones tabasco, r\u00edo grijalva, malec\u00f3n villahermosa, centro hist\u00f3rico villahermosa, centro tabasco, turismo en tabasco, turismo en villahermosa, vida nocturna villahermosa, bares villahermosa, restaurantes tabasco, restaurantes villahermosa, tacos villahermosa, tamales tabasco, comida t\u00edpica tabasco, comida t\u00edpica villahermosa, pozol villahermosa, fiestas tabasco, feria tabasco, feria villahermosa, transporte tabasco, taxis villahermosa, vuelos villahermosa, aeropuerto villahermosa, naturaleza tabasco, selva tabasco, r\u00edos tabasco, lagunas tabasco, parques naturales tabasco, reserva ecol\u00f3gica tabasco, turismo ecol\u00f3gico tabasco, turismo cultural tabasco, m\u00fasica tabasco, danza tabasco, artesan\u00eda tabasco, artesan\u00eda villahermosa, mercados villahermosa, mercado tabasco, productos tabasco, cacao villahermosa, centro de convenciones villahermosa, congresos villahermosa, eventos tabasco, conciertos villahermosa, clima tabasco, clima villahermosa, calor tabasco, lluvias tabasco, tr\u00f3pico tabasco, turismo aventura tabasco, deportes tabasco, f\u00fatbol villahermosa, b\u00e9isbol villahermosa, naturaleza villahermosa, zool\u00f3gico villahermosa, yumk\u00e1, parques recreativos tabasco, diversi\u00f3n villahermosa, entretenimiento tabasco, cine villahermosa, teatros tabasco, historia tabasco, historia villahermosa, olmecas tabasco, arqueolog\u00eda tabasco, arqueolog\u00eda villahermosa, ruinas tabasco, pir\u00e1mides tabasco, museos olmecas, museos mayas tabasco, educaci\u00f3n tabasco, universidades villahermosa, escuelas tabasco, cultura maya tabasco, olmecas villahermosa, m\u00fasica tropical tabasco, marimba tabasco, bailes tabasco, tradiciones villahermosa, tabasque\u00f1os, vida en villahermosa, costo de vida villahermosa, seguridad villahermosa, transporte p\u00fablico villahermosa, turismo en r\u00edos tabasco, paseos en lancha villahermosa, kayak tabasco, pesca tabasco, pesca villahermosa, comida de mar tabasco, mariscos villahermosa, lagunas villahermosa, pantanos tabasco, pantanos de centla, reserva pantanos de centla, ecoturismo villahermosa, selva villahermosa, aves tabasco, fauna tabasco, flora tabasco, gastronom\u00eda tradicional tabasco, dulces tabasco, bebidas tabasco, chocolate villahermosa, cacao comalcalco, haciendas tabasco, haciendas cacaoteras tabasco, tours villahermosa, tours tabasco, gu\u00edas tur\u00edsticos tabasco, agencias de viajes villahermosa, hostales tabasco, hostales villahermosa, turismo barato tabasco, turismo barato villahermosa, vacaciones tabasco, vacaciones villahermosa, escapadas tabasco, escapadas villahermosa, pueblos tabasco, pueblos m\u00e1gicos tabasco, tenosique, balanc\u00e1n, huimanguillo, c\u00e1rdenas tabasco, para\u00edso tabasco, centla, nacajuca, jalpa de m\u00e9ndez, teapa, tacotalpa, macuspana, palizada cerca tabasco, frontera tabasco, r\u00edo usumacinta, usumacinta tabasco, laguna de las ilusiones, laguna villahermosa, parques urbanos villahermosa, vida cotidiana villahermosa, renta de autos villahermosa, renta de casas villahermosa, inmobiliarias tabasco, departamentos villahermosa, compras villahermosa, centros comerciales villahermosa, plazas villahermosa, moda villahermosa, tiendas tabasco, artesan\u00edas villahermosa, textiles tabasco, productos t\u00edpicos tabasco, recuerdos tabasco, souvenirs villahermosa, econom\u00eda tabasco, petr\u00f3leo tabasco, industria tabasco, empleo tabasco, negocios villahermosa, inversi\u00f3n tabasco, desarrollo tabasco, crecimiento villahermosa, gastronom\u00eda de r\u00edo tabasco, pejelagarto tabasco, mojarras tabasco, caldo de pavo tabasco, cochinita tabasco, comida casera tabasco, recetas tabasco, tradici\u00f3n culinaria tabasco, bebidas t\u00edpicas tabasco, pozol con cacao tabasco, turismo internacional tabasco, turistas villahermosa, visitantes tabasco, experiencias tabasco, aventura villahermosa, clima tropical tabasco, calor h\u00famedo villahermosa, vegetaci\u00f3n tabasco, selva h\u00fameda tabasco, cascadas tabasco, cascadas villahermosa, chorro tabasco, r\u00edos villahermosa, arroyos tabasco, monta\u00f1as tabasco, sierras tabasco, volcanes tabasco, parques estatales tabasco, rutas tur\u00edsticas tabasco, rutas mayas tabasco, ruta olmeca tabasco, iglesias tabasco, catedrales villahermosa, arquitectura tabasco, arquitectura villahermosa, modernidad villahermosa, calles villahermosa, avenidas tabasco, transporte for\u00e1neo tabasco, autobuses villahermosa, terminal tabasco, terminal ADO villahermosa, excursiones tabasco, excursiones villahermosa, viajes escolares tabasco, viajes familiares villahermosa, diversi\u00f3n infantil villahermosa, actividades villahermosa, cultura popular tabasco, m\u00fasica villahermosa, festivales tabasco, ferias tabasco, feria del chocolate tabasco, expo tabasco, tradici\u00f3n tabasco, identidad tabasco, orgullo tabasco, orgullo villahermosa, monumentos villahermosa, esculturas tabasco, plazas p\u00fablicas villahermosa, pol\u00edtica tabasco, gobierno tabasco, noticias villahermosa, diarios tabasco, peri\u00f3dicos tabasco, medios tabasco, televisi\u00f3n tabasco, radio villahermosa, influencers tabasco, redes sociales tabasco, comunidades tabasco, barrios villahermosa, colonias tabasco, vida local villahermosa, tradiciones familiares tabasco, clima c\u00e1lido villahermosa, viajes econ\u00f3micos tabasco, experiencias villahermosa, viajes rom\u00e1nticos villahermosa, viajes de negocios villahermosa, paquetes tur\u00edsticos villahermosa, viajes organizados tabasco, tours arqueol\u00f3gicos tabasco, tours culturales tabasco, tours de cacao tabasco, turismo sostenible tabasco, turismo rural tabasco, casas de cultura tabasco, casas de cultura villahermosa, artistas tabasco, pintores tabasco, escritores tabasco, poetas tabasco, personajes hist\u00f3ricos tabasco, h\u00e9roes tabasco, historia local villahermosa, leyendas tabasco, mitos tabasco, cuentos tabasco, tradiciones orales tabasco.<\/p>\n","protected":false},"excerpt":{"rendered":"<p>tabasco, villahermosa, turismo tabasco, turismo villahermosa, viajar a tabasco, viajar a villahermosa, hoteles tabasco, hoteles villahermosa, gastronom\u00eda tabasco, gastronom\u00eda villahermosa, pozol tabasco, cultura tabasco, cultura villahermosa, parques villahermosa, parques tabasco, museos tabasco, museos villahermosa, zona arqueol\u00f3gica tabasco, comalcalco, cacao tabasco, chocolate tabasco, tradiciones tabasco, r\u00edo grijalva, malec\u00f3n villahermosa, centro hist\u00f3rico villahermosa, centro tabasco, turismo en [&hellip;]<\/p>\n","protected":false},"author":1,"featured_media":0,"parent":0,"menu_order":0,"comment_status":"closed","ping_status":"closed","template":"","meta":{"footnotes":""},"class_list":["post-30","page","type-page","status-publish","hentry"],"yoast_head":"<!-- This site is optimized with the Yoast SEO plugin v26.0 - https:\/\/yoast.com\/wordpress\/plugins\/seo\/ -->\n<title>metatags1-TB - 420 Tabasco Comprar Mota Marihuana Tabasco Villahermosa Entrega en Casa y Envios Nacionales \u2013 Whatsapp: 00528135669557 \u2013 Eva Whatsapp Secundario : 00528132769756 Mike \u2013<\/title>\n<meta name=\"robots\" content=\"index, follow, max-snippet:-1, max-image-preview:large, max-video-preview:-1\" \/>\n<link rel=\"canonical\" href=\"https:\/\/tabasco420.com\/index.php\/metatags1-tb\/\" \/>\n<meta property=\"og:locale\" content=\"es_MX\" \/>\n<meta property=\"og:type\" content=\"article\" \/>\n<meta property=\"og:title\" content=\"metatags1-TB - 420 Tabasco Comprar Mota Marihuana Tabasco Villahermosa Entrega en Casa y Envios Nacionales \u2013 Whatsapp: 00528135669557 \u2013 Eva Whatsapp Secundario : 00528132769756 Mike \u2013\" \/>\n<meta property=\"og:description\" content=\"tabasco, villahermosa, turismo tabasco, turismo villahermosa, viajar a tabasco, viajar a villahermosa, hoteles tabasco, hoteles villahermosa, gastronom\u00eda tabasco, gastronom\u00eda villahermosa, pozol tabasco, cultura tabasco, cultura villahermosa, parques villahermosa, parques tabasco, museos tabasco, museos villahermosa, zona arqueol\u00f3gica tabasco, comalcalco, cacao tabasco, chocolate tabasco, tradiciones tabasco, r\u00edo grijalva, malec\u00f3n villahermosa, centro hist\u00f3rico villahermosa, centro tabasco, turismo en [&hellip;]\" \/>\n<meta property=\"og:url\" content=\"https:\/\/tabasco420.com\/index.php\/metatags1-tb\/\" \/>\n<meta property=\"og:site_name\" content=\"420 Tabasco Comprar Mota Marihuana Tabasco Villahermosa Entrega en Casa y Envios Nacionales \u2013 Whatsapp: 00528135669557 \u2013 Eva Whatsapp Secundario : 00528132769756 Mike \u2013\" \/>\n<meta name=\"twitter:card\" content=\"summary_large_image\" \/>\n<meta name=\"twitter:label1\" content=\"Tiempo de lectura\" \/>\n\t<meta name=\"twitter:data1\" content=\"4 minutos\" \/>\n<script type=\"application\/ld+json\" class=\"yoast-schema-graph\">{\"@context\":\"https:\/\/schema.org\",\"@graph\":[{\"@type\":\"WebPage\",\"@id\":\"https:\/\/tabasco420.com\/index.php\/metatags1-tb\/\",\"url\":\"https:\/\/tabasco420.com\/index.php\/metatags1-tb\/\",\"name\":\"metatags1-TB - 420 Tabasco Comprar Mota Marihuana Tabasco Villahermosa Entrega en Casa y Envios Nacionales \u2013 Whatsapp: 00528135669557 \u2013 Eva Whatsapp Secundario : 00528132769756 Mike \u2013\",\"isPartOf\":{\"@id\":\"https:\/\/tabasco420.com\/#website\"},\"datePublished\":\"2025-09-24T17:46:39+00:00\",\"breadcrumb\":{\"@id\":\"https:\/\/tabasco420.com\/index.php\/metatags1-tb\/#breadcrumb\"},\"inLanguage\":\"es\",\"potentialAction\":[{\"@type\":\"ReadAction\",\"target\":[\"https:\/\/tabasco420.com\/index.php\/metatags1-tb\/\"]}]},{\"@type\":\"BreadcrumbList\",\"@id\":\"https:\/\/tabasco420.com\/index.php\/metatags1-tb\/#breadcrumb\",\"itemListElement\":[{\"@type\":\"ListItem\",\"position\":1,\"name\":\"Inicio\",\"item\":\"https:\/\/tabasco420.com\/\"},{\"@type\":\"ListItem\",\"position\":2,\"name\":\"metatags1-TB\"}]},{\"@type\":\"WebSite\",\"@id\":\"https:\/\/tabasco420.com\/#website\",\"url\":\"https:\/\/tabasco420.com\/\",\"name\":\"420 Tabasco Comprar Mota Marihuana Tabasco Villahermosa Entrega en Casa y Envios Nacionales \u2013 Whatsapp: 00528135669557 \u2013 Eva Whatsapp Secundario : 00528132769756 Mike \u2013\",\"description\":\"Aunque nacimos con la visi\u00f3n de llevar la cultura 420 a Tabasco y Villahermosa, hoy llegamos a cada rinc\u00f3n de M\u00e9xico con la misma pasi\u00f3n: ofrecerte acceso f\u00e1cil, r\u00e1pido y seguro a lo que buscas.  Ya seas de Villahermosa, Monterrey, CDMX, Guadalajara, Oaxaca o Canc\u00fan, en Tabasco420.com tenemos la soluci\u00f3n para ti.\",\"publisher\":{\"@id\":\"https:\/\/tabasco420.com\/#organization\"},\"potentialAction\":[{\"@type\":\"SearchAction\",\"target\":{\"@type\":\"EntryPoint\",\"urlTemplate\":\"https:\/\/tabasco420.com\/?s={search_term_string}\"},\"query-input\":{\"@type\":\"PropertyValueSpecification\",\"valueRequired\":true,\"valueName\":\"search_term_string\"}}],\"inLanguage\":\"es\"},{\"@type\":\"Organization\",\"@id\":\"https:\/\/tabasco420.com\/#organization\",\"name\":\"420 Tabasco Comprar Mota Marihuana Tabasco Villahermosa Entrega en Casa y Envios Nacionales \u2013 Whatsapp: 00528135669557 \u2013 Eva Whatsapp Secundario : 00528132769756 Mike \u2013\",\"url\":\"https:\/\/tabasco420.com\/\",\"logo\":{\"@type\":\"ImageObject\",\"inLanguage\":\"es\",\"@id\":\"https:\/\/tabasco420.com\/#\/schema\/logo\/image\/\",\"url\":\"https:\/\/tabasco420.com\/wp-content\/uploads\/2025\/09\/cropped-austintx5.jpg\",\"contentUrl\":\"https:\/\/tabasco420.com\/wp-content\/uploads\/2025\/09\/cropped-austintx5.jpg\",\"width\":512,\"height\":512,\"caption\":\"420 Tabasco Comprar Mota Marihuana Tabasco Villahermosa Entrega en Casa y Envios Nacionales \u2013 Whatsapp: 00528135669557 \u2013 Eva Whatsapp Secundario : 00528132769756 Mike \u2013\"},\"image\":{\"@id\":\"https:\/\/tabasco420.com\/#\/schema\/logo\/image\/\"}}]}<\/script>\n<!-- \/ Yoast SEO plugin. -->","yoast_head_json":{"title":"metatags1-TB - 420 Tabasco Comprar Mota Marihuana Tabasco Villahermosa Entrega en Casa y Envios Nacionales \u2013 Whatsapp: 00528135669557 \u2013 Eva Whatsapp Secundario : 00528132769756 Mike \u2013","robots":{"index":"index","follow":"follow","max-snippet":"max-snippet:-1","max-image-preview":"max-image-preview:large","max-video-preview":"max-video-preview:-1"},"canonical":"https:\/\/tabasco420.com\/index.php\/metatags1-tb\/","og_locale":"es_MX","og_type":"article","og_title":"metatags1-TB - 420 Tabasco Comprar Mota Marihuana Tabasco Villahermosa Entrega en Casa y Envios Nacionales \u2013 Whatsapp: 00528135669557 \u2013 Eva Whatsapp Secundario : 00528132769756 Mike \u2013","og_description":"tabasco, villahermosa, turismo tabasco, turismo villahermosa, viajar a tabasco, viajar a villahermosa, hoteles tabasco, hoteles villahermosa, gastronom\u00eda tabasco, gastronom\u00eda villahermosa, pozol tabasco, cultura tabasco, cultura villahermosa, parques villahermosa, parques tabasco, museos tabasco, museos villahermosa, zona arqueol\u00f3gica tabasco, comalcalco, cacao tabasco, chocolate tabasco, tradiciones tabasco, r\u00edo grijalva, malec\u00f3n villahermosa, centro hist\u00f3rico villahermosa, centro tabasco, turismo en [&hellip;]","og_url":"https:\/\/tabasco420.com\/index.php\/metatags1-tb\/","og_site_name":"420 Tabasco Comprar Mota Marihuana Tabasco Villahermosa Entrega en Casa y Envios Nacionales \u2013 Whatsapp: 00528135669557 \u2013 Eva Whatsapp Secundario : 00528132769756 Mike \u2013","twitter_card":"summary_large_image","twitter_misc":{"Tiempo de lectura":"4 minutos"},"schema":{"@context":"https:\/\/schema.org","@graph":[{"@type":"WebPage","@id":"https:\/\/tabasco420.com\/index.php\/metatags1-tb\/","url":"https:\/\/tabasco420.com\/index.php\/metatags1-tb\/","name":"metatags1-TB - 420 Tabasco Comprar Mota Marihuana Tabasco Villahermosa Entrega en Casa y Envios Nacionales \u2013 Whatsapp: 00528135669557 \u2013 Eva Whatsapp Secundario : 00528132769756 Mike \u2013","isPartOf":{"@id":"https:\/\/tabasco420.com\/#website"},"datePublished":"2025-09-24T17:46:39+00:00","breadcrumb":{"@id":"https:\/\/tabasco420.com\/index.php\/metatags1-tb\/#breadcrumb"},"inLanguage":"es","potentialAction":[{"@type":"ReadAction","target":["https:\/\/tabasco420.com\/index.php\/metatags1-tb\/"]}]},{"@type":"BreadcrumbList","@id":"https:\/\/tabasco420.com\/index.php\/metatags1-tb\/#breadcrumb","itemListElement":[{"@type":"ListItem","position":1,"name":"Inicio","item":"https:\/\/tabasco420.com\/"},{"@type":"ListItem","position":2,"name":"metatags1-TB"}]},{"@type":"WebSite","@id":"https:\/\/tabasco420.com\/#website","url":"https:\/\/tabasco420.com\/","name":"420 Tabasco Comprar Mota Marihuana Tabasco Villahermosa Entrega en Casa y Envios Nacionales \u2013 Whatsapp: 00528135669557 \u2013 Eva Whatsapp Secundario : 00528132769756 Mike \u2013","description":"Aunque nacimos con la visi\u00f3n de llevar la cultura 420 a Tabasco y Villahermosa, hoy llegamos a cada rinc\u00f3n de M\u00e9xico con la misma pasi\u00f3n: ofrecerte acceso f\u00e1cil, r\u00e1pido y seguro a lo que buscas.  Ya seas de Villahermosa, Monterrey, CDMX, Guadalajara, Oaxaca o Canc\u00fan, en Tabasco420.com tenemos la soluci\u00f3n para ti.","publisher":{"@id":"https:\/\/tabasco420.com\/#organization"},"potentialAction":[{"@type":"SearchAction","target":{"@type":"EntryPoint","urlTemplate":"https:\/\/tabasco420.com\/?s={search_term_string}"},"query-input":{"@type":"PropertyValueSpecification","valueRequired":true,"valueName":"search_term_string"}}],"inLanguage":"es"},{"@type":"Organization","@id":"https:\/\/tabasco420.com\/#organization","name":"420 Tabasco Comprar Mota Marihuana Tabasco Villahermosa Entrega en Casa y Envios Nacionales \u2013 Whatsapp: 00528135669557 \u2013 Eva Whatsapp Secundario : 00528132769756 Mike \u2013","url":"https:\/\/tabasco420.com\/","logo":{"@type":"ImageObject","inLanguage":"es","@id":"https:\/\/tabasco420.com\/#\/schema\/logo\/image\/","url":"https:\/\/tabasco420.com\/wp-content\/uploads\/2025\/09\/cropped-austintx5.jpg","contentUrl":"https:\/\/tabasco420.com\/wp-content\/uploads\/2025\/09\/cropped-austintx5.jpg","width":512,"height":512,"caption":"420 Tabasco Comprar Mota Marihuana Tabasco Villahermosa Entrega en Casa y Envios Nacionales \u2013 Whatsapp: 00528135669557 \u2013 Eva Whatsapp Secundario : 00528132769756 Mike \u2013"},"image":{"@id":"https:\/\/tabasco420.com\/#\/schema\/logo\/image\/"}}]}},"_links":{"self":[{"href":"https:\/\/tabasco420.com\/index.php\/wp-json\/wp\/v2\/pages\/30","targetHints":{"allow":["GET"]}}],"collection":[{"href":"https:\/\/tabasco420.com\/index.php\/wp-json\/wp\/v2\/pages"}],"about":[{"href":"https:\/\/tabasco420.com\/index.php\/wp-json\/wp\/v2\/types\/page"}],"author":[{"embeddable":true,"href":"https:\/\/tabasco420.com\/index.php\/wp-json\/wp\/v2\/users\/1"}],"replies":[{"embeddable":true,"href":"https:\/\/tabasco420.com\/index.php\/wp-json\/wp\/v2\/comments?post=30"}],"version-history":[{"count":1,"href":"https:\/\/tabasco420.com\/index.php\/wp-json\/wp\/v2\/pages\/30\/revisions"}],"predecessor-version":[{"id":31,"href":"https:\/\/tabasco420.com\/index.php\/wp-json\/wp\/v2\/pages\/30\/revisions\/31"}],"wp:attachment":[{"href":"https:\/\/tabasco420.com\/index.php\/wp-json\/wp\/v2\/media?parent=30"}],"curies":[{"name":"wp","href":"https:\/\/api.w.org\/{rel}","templated":true}]}}