{"id":32,"date":"2025-09-24T17:46:57","date_gmt":"2025-09-24T17:46:57","guid":{"rendered":"https:\/\/tabasco420.com\/?page_id=32"},"modified":"2025-09-24T17:46:57","modified_gmt":"2025-09-24T17:46:57","slug":"metatags2-tb","status":"publish","type":"page","link":"https:\/\/tabasco420.com\/index.php\/metatags2-tb\/","title":{"rendered":"metatags2-TB"},"content":{"rendered":"<p data-start=\"119\" data-end=\"6446\">tabasco, villahermosa, turismo tabasco, turismo villahermosa, viajar a tabasco, viajar a villahermosa, hoteles en tabasco, hoteles en villahermosa, restaurantes en tabasco, restaurantes en villahermosa, gastronom\u00eda tabasque\u00f1a, comida t\u00edpica tabasco, pejelagarto tabasco, pozol tabasco, cultura tabasco, cultura villahermosa, historia tabasco, historia villahermosa, museos tabasco, museos villahermosa, parques tabasco, parques villahermosa, r\u00edos tabasco, r\u00edo grijalva, r\u00edo usumacinta, lagunas tabasco, selva tabasco, naturaleza tabasco, ecoturismo tabasco, ecoturismo villahermosa, turismo ecol\u00f3gico tabasco, cascadas tabasco, cascadas villahermosa, zonas arqueol\u00f3gicas tabasco, comalcalco arqueolog\u00eda, la venta parque museo, olmecas tabasco, arqueolog\u00eda tabasco, cultura olmeca, centro hist\u00f3rico villahermosa, plaza de armas villahermosa, malec\u00f3n villahermosa, tabasco 2000, museos de villahermosa, parques villahermosa, zool\u00f3gico villahermosa, parque tom\u00e1s garrido, parque la venta villahermosa, clima tabasco, clima villahermosa, calor tabasco, lluvias tabasco, turismo de negocios villahermosa, convenciones villahermosa, hoteles de lujo tabasco, hoteles baratos tabasco, renta de autos villahermosa, aeropuerto villahermosa, vuelos a villahermosa, vuelos tabasco, transporte tabasco, terminal villahermosa, central camionera villahermosa, playas tabasco, para\u00edso tabasco, costa tabasco, laguna de las ilusiones, r\u00edo carrizal, r\u00edo mezcalapa, turismo rural tabasco, pueblos tabasco, nacajuca tabasco, tenosique tabasco, balanc\u00e1n tabasco, macuspana tabasco, centro tabasco, cunduac\u00e1n tabasco, jalpa de m\u00e9ndez, tacotalpa tabasco, teapa tabasco, huimanguillo tabasco, historia olmeca tabasco, chontal tabasco, pueblos originarios tabasco, tradiciones tabasco, fiestas tabasco, feria tabasco, eventos villahermosa, carnaval tabasco, carnaval villahermosa, danzas tabasco, m\u00fasica tabasco, artesan\u00eda tabasco, cacao tabasco, chocolate tabasco, haciendas cacaoteras tabasco, rutas del cacao, fincas tabasco, turismo gastron\u00f3mico tabasco, cocina tabasque\u00f1a, platillos t\u00edpicos villahermosa, mercados tabasco, mercado villahermosa, mercado pino su\u00e1rez, compras villahermosa, centros comerciales villahermosa, galer\u00edas tabasco, plaza altabrisa villahermosa, vida nocturna villahermosa, bares tabasco, antros villahermosa, caf\u00e9s villahermosa, seguridad tabasco, hospitales villahermosa, salud tabasco, universidades tabasco, universidades villahermosa, educaci\u00f3n tabasco, upch tabasco, ujatt tabasco, empleos villahermosa, negocios tabasco, petr\u00f3leo tabasco, energ\u00eda tabasco, pemex tabasco, refiner\u00eda tabasco, refiner\u00eda dos bocas, inversiones tabasco, desarrollo econ\u00f3mico tabasco, transporte p\u00fablico villahermosa, taxis villahermosa, uber villahermosa, clima c\u00e1lido tabasco, huracanes tabasco, inundaciones tabasco, vida en villahermosa, vivir en villahermosa, renta tabasco, casas villahermosa, departamentos villahermosa, bienes ra\u00edces tabasco, propiedades tabasco, hoteles boutique tabasco, glamping tabasco, ecotours tabasco, r\u00edos navegables tabasco, paseos en lancha villahermosa, tours tabasco, excursiones tabasco, agencias de viajes villahermosa, agencias de turismo tabasco, gu\u00eda tur\u00edstica tabasco, gu\u00eda villahermosa, transporte villahermosa, carretera tabasco, autopistas tabasco, pueblos m\u00e1gicos tabasco, tapijulapa tabasco, cascadas de tapijulapa, turismo religioso tabasco, iglesias villahermosa, arquitectura tabasco, arquitectura villahermosa, edificios hist\u00f3ricos villahermosa, palacio de gobierno tabasco, murales villahermosa, arte tabasco, galer\u00edas de arte villahermosa, teatro villahermosa, teatro esperanza iris, eventos culturales tabasco, congresos villahermosa, convenciones tabasco, hoteles con alberca villahermosa, hoteles familiares tabasco, hoteles rom\u00e1nticos villahermosa, bodas tabasco, turismo de bodas villahermosa, naturaleza villahermosa, fauna tabasco, aves tabasco, cocodrilos tabasco, manat\u00edes tabasco, pesca tabasco, pesca deportiva tabasco, paseos ecol\u00f3gicos villahermosa, turismo de aventura tabasco, kayak tabasco, senderismo tabasco, monta\u00f1as tabasco, cerros tabasco, reservas naturales tabasco, pantanos tabasco, pantanos de centla, \u00e1rea protegida tabasco, reserva tabasco, biodiversidad tabasco, flores tabasco, flora tabasco, orqu\u00eddeas tabasco, comida de mar tabasco, mariscos villahermosa, pescado tabasco, turismo internacional villahermosa, visitantes tabasco, hoteles aeropuerto villahermosa, clima h\u00famedo tabasco, selva h\u00fameda tabasco, viajes familiares tabasco, viajes de pareja villahermosa, turismo econ\u00f3mico tabasco, hoteles econ\u00f3micos villahermosa, tabasco capital villahermosa, monumentos villahermosa, monumento a tom\u00e1s garrido, fuentes villahermosa, miradores villahermosa, tabasco aventura, tabasco cultura, villahermosa cultura, fotos villahermosa, im\u00e1genes tabasco, videos tabasco, tours villahermosa, turismo tabasco 2025, viajar villahermosa barato, vuelos baratos villahermosa, rutas a\u00e9reas tabasco, transporte mar\u00edtimo tabasco, puertos tabasco, puerto dos bocas, negocios villahermosa, coworking villahermosa, vida estudiantil villahermosa, estudiantes tabasco, renta estudiantes villahermosa, movilidad tabasco, transporte rural tabasco, carreteras villahermosa, mapas tabasco, mapa villahermosa, gastronom\u00eda villahermosa, postres tabasco, dulces t\u00edpicos tabasco, bebidas t\u00edpicas tabasco, pozol villahermosa, tamales tabasco, tamales de chipil\u00edn, chanchamito tabasco, barbacoa tabasco, turismo sostenible tabasco, hoteles sustentables tabasco, energ\u00eda renovable tabasco, parques acu\u00e1ticos tabasco, diversi\u00f3n villahermosa, cine villahermosa, centros recreativos tabasco, ferias tabasco, congresos tabasco, tabasco verde, selva villahermosa, aguas termales tabasco, spa tabasco, wellness villahermosa, yoga tabasco, retiros tabasco, tabasco ancestral, ruinas tabasco, petrograbados tabasco, museos arqueol\u00f3gicos tabasco, museos de historia villahermosa, zool\u00f3gicos tabasco, centro de convenciones villahermosa, plaza tabasco 2000, islas tabasco, islas fluviales tabasco, excursiones villahermosa, lagunas villahermosa, actividades familiares villahermosa, rutas tabasco, viajes seguros tabasco, tabasco moderno, villahermosa moderna, ciudad tabasco, capital tabasco, identidad tabasco, orgullo tabasco, vivir en tabasco, estilo de vida villahermosa, comunidad tabasco.<\/p>\n<p data-start=\"6448\" data-end=\"6590\" data-is-last-node=\"\" data-is-only-node=\"\">\n","protected":false},"excerpt":{"rendered":"<p>tabasco, villahermosa, turismo tabasco, turismo villahermosa, viajar a tabasco, viajar a villahermosa, hoteles en tabasco, hoteles en villahermosa, restaurantes en tabasco, restaurantes en villahermosa, gastronom\u00eda tabasque\u00f1a, comida t\u00edpica tabasco, pejelagarto tabasco, pozol tabasco, cultura tabasco, cultura villahermosa, historia tabasco, historia villahermosa, museos tabasco, museos villahermosa, parques tabasco, parques villahermosa, r\u00edos tabasco, r\u00edo grijalva, r\u00edo usumacinta, [&hellip;]<\/p>\n","protected":false},"author":1,"featured_media":0,"parent":0,"menu_order":0,"comment_status":"closed","ping_status":"closed","template":"","meta":{"footnotes":""},"class_list":["post-32","page","type-page","status-publish","hentry"],"yoast_head":"<!-- This site is optimized with the Yoast SEO plugin v26.0 - https:\/\/yoast.com\/wordpress\/plugins\/seo\/ -->\n<title>metatags2-TB - 420 Tabasco Comprar Mota Marihuana Tabasco Villahermosa Entrega en Casa y Envios Nacionales \u2013 Whatsapp: 00528135669557 \u2013 Eva Whatsapp Secundario : 00528132769756 Mike \u2013<\/title>\n<meta name=\"robots\" content=\"index, follow, max-snippet:-1, max-image-preview:large, max-video-preview:-1\" \/>\n<link rel=\"canonical\" href=\"https:\/\/tabasco420.com\/index.php\/metatags2-tb\/\" \/>\n<meta property=\"og:locale\" content=\"es_MX\" \/>\n<meta property=\"og:type\" content=\"article\" \/>\n<meta property=\"og:title\" content=\"metatags2-TB - 420 Tabasco Comprar Mota Marihuana Tabasco Villahermosa Entrega en Casa y Envios Nacionales \u2013 Whatsapp: 00528135669557 \u2013 Eva Whatsapp Secundario : 00528132769756 Mike \u2013\" \/>\n<meta property=\"og:description\" content=\"tabasco, villahermosa, turismo tabasco, turismo villahermosa, viajar a tabasco, viajar a villahermosa, hoteles en tabasco, hoteles en villahermosa, restaurantes en tabasco, restaurantes en villahermosa, gastronom\u00eda tabasque\u00f1a, comida t\u00edpica tabasco, pejelagarto tabasco, pozol tabasco, cultura tabasco, cultura villahermosa, historia tabasco, historia villahermosa, museos tabasco, museos villahermosa, parques tabasco, parques villahermosa, r\u00edos tabasco, r\u00edo grijalva, r\u00edo usumacinta, [&hellip;]\" \/>\n<meta property=\"og:url\" content=\"https:\/\/tabasco420.com\/index.php\/metatags2-tb\/\" \/>\n<meta property=\"og:site_name\" content=\"420 Tabasco Comprar Mota Marihuana Tabasco Villahermosa Entrega en Casa y Envios Nacionales \u2013 Whatsapp: 00528135669557 \u2013 Eva Whatsapp Secundario : 00528132769756 Mike \u2013\" \/>\n<meta name=\"twitter:card\" content=\"summary_large_image\" \/>\n<meta name=\"twitter:label1\" content=\"Tiempo de lectura\" \/>\n\t<meta name=\"twitter:data1\" content=\"4 minutos\" \/>\n<script type=\"application\/ld+json\" class=\"yoast-schema-graph\">{\"@context\":\"https:\/\/schema.org\",\"@graph\":[{\"@type\":\"WebPage\",\"@id\":\"https:\/\/tabasco420.com\/index.php\/metatags2-tb\/\",\"url\":\"https:\/\/tabasco420.com\/index.php\/metatags2-tb\/\",\"name\":\"metatags2-TB - 420 Tabasco Comprar Mota Marihuana Tabasco Villahermosa Entrega en Casa y Envios Nacionales \u2013 Whatsapp: 00528135669557 \u2013 Eva Whatsapp Secundario : 00528132769756 Mike \u2013\",\"isPartOf\":{\"@id\":\"https:\/\/tabasco420.com\/#website\"},\"datePublished\":\"2025-09-24T17:46:57+00:00\",\"breadcrumb\":{\"@id\":\"https:\/\/tabasco420.com\/index.php\/metatags2-tb\/#breadcrumb\"},\"inLanguage\":\"es\",\"potentialAction\":[{\"@type\":\"ReadAction\",\"target\":[\"https:\/\/tabasco420.com\/index.php\/metatags2-tb\/\"]}]},{\"@type\":\"BreadcrumbList\",\"@id\":\"https:\/\/tabasco420.com\/index.php\/metatags2-tb\/#breadcrumb\",\"itemListElement\":[{\"@type\":\"ListItem\",\"position\":1,\"name\":\"Inicio\",\"item\":\"https:\/\/tabasco420.com\/\"},{\"@type\":\"ListItem\",\"position\":2,\"name\":\"metatags2-TB\"}]},{\"@type\":\"WebSite\",\"@id\":\"https:\/\/tabasco420.com\/#website\",\"url\":\"https:\/\/tabasco420.com\/\",\"name\":\"420 Tabasco Comprar Mota Marihuana Tabasco Villahermosa Entrega en Casa y Envios Nacionales \u2013 Whatsapp: 00528135669557 \u2013 Eva Whatsapp Secundario : 00528132769756 Mike \u2013\",\"description\":\"Aunque nacimos con la visi\u00f3n de llevar la cultura 420 a Tabasco y Villahermosa, hoy llegamos a cada rinc\u00f3n de M\u00e9xico con la misma pasi\u00f3n: ofrecerte acceso f\u00e1cil, r\u00e1pido y seguro a lo que buscas.  Ya seas de Villahermosa, Monterrey, CDMX, Guadalajara, Oaxaca o Canc\u00fan, en Tabasco420.com tenemos la soluci\u00f3n para ti.\",\"publisher\":{\"@id\":\"https:\/\/tabasco420.com\/#organization\"},\"potentialAction\":[{\"@type\":\"SearchAction\",\"target\":{\"@type\":\"EntryPoint\",\"urlTemplate\":\"https:\/\/tabasco420.com\/?s={search_term_string}\"},\"query-input\":{\"@type\":\"PropertyValueSpecification\",\"valueRequired\":true,\"valueName\":\"search_term_string\"}}],\"inLanguage\":\"es\"},{\"@type\":\"Organization\",\"@id\":\"https:\/\/tabasco420.com\/#organization\",\"name\":\"420 Tabasco Comprar Mota Marihuana Tabasco Villahermosa Entrega en Casa y Envios Nacionales \u2013 Whatsapp: 00528135669557 \u2013 Eva Whatsapp Secundario : 00528132769756 Mike \u2013\",\"url\":\"https:\/\/tabasco420.com\/\",\"logo\":{\"@type\":\"ImageObject\",\"inLanguage\":\"es\",\"@id\":\"https:\/\/tabasco420.com\/#\/schema\/logo\/image\/\",\"url\":\"https:\/\/tabasco420.com\/wp-content\/uploads\/2025\/09\/cropped-austintx5.jpg\",\"contentUrl\":\"https:\/\/tabasco420.com\/wp-content\/uploads\/2025\/09\/cropped-austintx5.jpg\",\"width\":512,\"height\":512,\"caption\":\"420 Tabasco Comprar Mota Marihuana Tabasco Villahermosa Entrega en Casa y Envios Nacionales \u2013 Whatsapp: 00528135669557 \u2013 Eva Whatsapp Secundario : 00528132769756 Mike \u2013\"},\"image\":{\"@id\":\"https:\/\/tabasco420.com\/#\/schema\/logo\/image\/\"}}]}<\/script>\n<!-- \/ Yoast SEO plugin. -->","yoast_head_json":{"title":"metatags2-TB - 420 Tabasco Comprar Mota Marihuana Tabasco Villahermosa Entrega en Casa y Envios Nacionales \u2013 Whatsapp: 00528135669557 \u2013 Eva Whatsapp Secundario : 00528132769756 Mike \u2013","robots":{"index":"index","follow":"follow","max-snippet":"max-snippet:-1","max-image-preview":"max-image-preview:large","max-video-preview":"max-video-preview:-1"},"canonical":"https:\/\/tabasco420.com\/index.php\/metatags2-tb\/","og_locale":"es_MX","og_type":"article","og_title":"metatags2-TB - 420 Tabasco Comprar Mota Marihuana Tabasco Villahermosa Entrega en Casa y Envios Nacionales \u2013 Whatsapp: 00528135669557 \u2013 Eva Whatsapp Secundario : 00528132769756 Mike \u2013","og_description":"tabasco, villahermosa, turismo tabasco, turismo villahermosa, viajar a tabasco, viajar a villahermosa, hoteles en tabasco, hoteles en villahermosa, restaurantes en tabasco, restaurantes en villahermosa, gastronom\u00eda tabasque\u00f1a, comida t\u00edpica tabasco, pejelagarto tabasco, pozol tabasco, cultura tabasco, cultura villahermosa, historia tabasco, historia villahermosa, museos tabasco, museos villahermosa, parques tabasco, parques villahermosa, r\u00edos tabasco, r\u00edo grijalva, r\u00edo usumacinta, [&hellip;]","og_url":"https:\/\/tabasco420.com\/index.php\/metatags2-tb\/","og_site_name":"420 Tabasco Comprar Mota Marihuana Tabasco Villahermosa Entrega en Casa y Envios Nacionales \u2013 Whatsapp: 00528135669557 \u2013 Eva Whatsapp Secundario : 00528132769756 Mike \u2013","twitter_card":"summary_large_image","twitter_misc":{"Tiempo de lectura":"4 minutos"},"schema":{"@context":"https:\/\/schema.org","@graph":[{"@type":"WebPage","@id":"https:\/\/tabasco420.com\/index.php\/metatags2-tb\/","url":"https:\/\/tabasco420.com\/index.php\/metatags2-tb\/","name":"metatags2-TB - 420 Tabasco Comprar Mota Marihuana Tabasco Villahermosa Entrega en Casa y Envios Nacionales \u2013 Whatsapp: 00528135669557 \u2013 Eva Whatsapp Secundario : 00528132769756 Mike \u2013","isPartOf":{"@id":"https:\/\/tabasco420.com\/#website"},"datePublished":"2025-09-24T17:46:57+00:00","breadcrumb":{"@id":"https:\/\/tabasco420.com\/index.php\/metatags2-tb\/#breadcrumb"},"inLanguage":"es","potentialAction":[{"@type":"ReadAction","target":["https:\/\/tabasco420.com\/index.php\/metatags2-tb\/"]}]},{"@type":"BreadcrumbList","@id":"https:\/\/tabasco420.com\/index.php\/metatags2-tb\/#breadcrumb","itemListElement":[{"@type":"ListItem","position":1,"name":"Inicio","item":"https:\/\/tabasco420.com\/"},{"@type":"ListItem","position":2,"name":"metatags2-TB"}]},{"@type":"WebSite","@id":"https:\/\/tabasco420.com\/#website","url":"https:\/\/tabasco420.com\/","name":"420 Tabasco Comprar Mota Marihuana Tabasco Villahermosa Entrega en Casa y Envios Nacionales \u2013 Whatsapp: 00528135669557 \u2013 Eva Whatsapp Secundario : 00528132769756 Mike \u2013","description":"Aunque nacimos con la visi\u00f3n de llevar la cultura 420 a Tabasco y Villahermosa, hoy llegamos a cada rinc\u00f3n de M\u00e9xico con la misma pasi\u00f3n: ofrecerte acceso f\u00e1cil, r\u00e1pido y seguro a lo que buscas.  Ya seas de Villahermosa, Monterrey, CDMX, Guadalajara, Oaxaca o Canc\u00fan, en Tabasco420.com tenemos la soluci\u00f3n para ti.","publisher":{"@id":"https:\/\/tabasco420.com\/#organization"},"potentialAction":[{"@type":"SearchAction","target":{"@type":"EntryPoint","urlTemplate":"https:\/\/tabasco420.com\/?s={search_term_string}"},"query-input":{"@type":"PropertyValueSpecification","valueRequired":true,"valueName":"search_term_string"}}],"inLanguage":"es"},{"@type":"Organization","@id":"https:\/\/tabasco420.com\/#organization","name":"420 Tabasco Comprar Mota Marihuana Tabasco Villahermosa Entrega en Casa y Envios Nacionales \u2013 Whatsapp: 00528135669557 \u2013 Eva Whatsapp Secundario : 00528132769756 Mike \u2013","url":"https:\/\/tabasco420.com\/","logo":{"@type":"ImageObject","inLanguage":"es","@id":"https:\/\/tabasco420.com\/#\/schema\/logo\/image\/","url":"https:\/\/tabasco420.com\/wp-content\/uploads\/2025\/09\/cropped-austintx5.jpg","contentUrl":"https:\/\/tabasco420.com\/wp-content\/uploads\/2025\/09\/cropped-austintx5.jpg","width":512,"height":512,"caption":"420 Tabasco Comprar Mota Marihuana Tabasco Villahermosa Entrega en Casa y Envios Nacionales \u2013 Whatsapp: 00528135669557 \u2013 Eva Whatsapp Secundario : 00528132769756 Mike \u2013"},"image":{"@id":"https:\/\/tabasco420.com\/#\/schema\/logo\/image\/"}}]}},"_links":{"self":[{"href":"https:\/\/tabasco420.com\/index.php\/wp-json\/wp\/v2\/pages\/32","targetHints":{"allow":["GET"]}}],"collection":[{"href":"https:\/\/tabasco420.com\/index.php\/wp-json\/wp\/v2\/pages"}],"about":[{"href":"https:\/\/tabasco420.com\/index.php\/wp-json\/wp\/v2\/types\/page"}],"author":[{"embeddable":true,"href":"https:\/\/tabasco420.com\/index.php\/wp-json\/wp\/v2\/users\/1"}],"replies":[{"embeddable":true,"href":"https:\/\/tabasco420.com\/index.php\/wp-json\/wp\/v2\/comments?post=32"}],"version-history":[{"count":1,"href":"https:\/\/tabasco420.com\/index.php\/wp-json\/wp\/v2\/pages\/32\/revisions"}],"predecessor-version":[{"id":33,"href":"https:\/\/tabasco420.com\/index.php\/wp-json\/wp\/v2\/pages\/32\/revisions\/33"}],"wp:attachment":[{"href":"https:\/\/tabasco420.com\/index.php\/wp-json\/wp\/v2\/media?parent=32"}],"curies":[{"name":"wp","href":"https:\/\/api.w.org\/{rel}","templated":true}]}}