{"id":34,"date":"2025-09-24T17:47:48","date_gmt":"2025-09-24T17:47:48","guid":{"rendered":"https:\/\/tabasco420.com\/?page_id=34"},"modified":"2025-09-24T17:47:48","modified_gmt":"2025-09-24T17:47:48","slug":"metatags3-tb","status":"publish","type":"page","link":"https:\/\/tabasco420.com\/index.php\/metatags3-tb\/","title":{"rendered":"metatags3-TB"},"content":{"rendered":"<p>&nbsp;<\/p>\n<hr \/>\n<p>cannabis tabasco, cannabis villahermosa, marihuana tabasco, marihuana villahermosa, weed tabasco, weed villahermosa, mota tabasco, mota villahermosa, dispensarios cannabis tabasco, venta cannabis tabasco, cannabis medicinal tabasco, marihuana medicinal tabasco, marihuana recreativa tabasco, cultivo cannabis tabasco, cultivo marihuana tabasco, growshops tabasco, growshops villahermosa, semillas cannabis tabasco, semillas marihuana tabasco, legalidad cannabis tabasco, leyes cannabis tabasco, consumo cannabis tabasco, fumar marihuana tabasco, fumar weed villahermosa, asociaciones cannabis tabasco, colectivos cannabis tabasco, marchas cannabis tabasco, 4:20 tabasco, cannabis cultura tabasco, eventos cannabis tabasco, cannabis medicinal villahermosa, pacientes cannabis tabasco, aceite cannabis tabasco, cbd tabasco, venta cbd tabasco, tiendas cbd villahermosa, uso terap\u00e9utico cannabis tabasco, cannabis ansiedad tabasco, cannabis dolor tabasco, cannabis c\u00e1ncer tabasco, cannabis epilepsia tabasco, productos cannabis tabasco, brownies cannabis tabasco, gastronom\u00eda cannabis tabasco, cannabis recreativo tabasco, precios marihuana tabasco, precios cannabis villahermosa, consumo recreativo tabasco, cannabis y turismo tabasco, turismo 420 tabasco, cannabis en playas tabasco, cannabis cultura juvenil tabasco, investigaci\u00f3n cannabis tabasco, debate cannabis tabasco, noticias cannabis tabasco, cannabis y m\u00fasica tabasco, reggae tabasco cannabis, rap tabasco cannabis, festivales cannabis tabasco, legal weed tabasco, weed de calidad tabasco, hierba tabasco, fumar weed villahermosa, cannabis comunidad tabasco, cannabis y salud tabasco, cannabis alternativa tabasco, cannabis tratamientos tabasco, cannabis para dormir tabasco, cannabis relajaci\u00f3n tabasco, cannabis espiritual tabasco, cannabis ritual tabasco, tabasco marihuana legal, cannabis en m\u00e9xico tabasco, cultivo interior tabasco, cultivo exterior tabasco, hidrop\u00f3nicos tabasco cannabis, cannabis tabasco precios, cannabis villahermosa tiendas, grow tabasco, grow villahermosa, cannabis legal villahermosa, cannabis en restaurantes tabasco, cannabis en bares villahermosa, cannabis turismo rural tabasco, cannabis pueblos tabasco, cannabis usuarios tabasco, cannabis consumo responsable tabasco, cannabis jovenes tabasco, cannabis universidad villahermosa, cannabis empleo tabasco, cannabis econom\u00eda tabasco, cannabis negocios tabasco, cannabis futuro tabasco, cannabis regulaci\u00f3n tabasco, cannabis reforma tabasco, cannabis y justicia tabasco, cannabis tabasco pol\u00edtica, cannabis tabasco sociedad, cannabis seguridad tabasco, cannabis y violencia tabasco, cannabis decomisos tabasco, cannabis polic\u00eda tabasco, cannabis criminalizaci\u00f3n tabasco, cannabis libertad tabasco, cannabis derechos humanos tabasco,<\/p>\n<p>pemex tabasco, pemex villahermosa, petr\u00f3leo tabasco, industria petrolera tabasco, refiner\u00eda tabasco, refiner\u00eda dos bocas, dos bocas para\u00edso tabasco, refiner\u00eda villahermosa, trabajos pemex tabasco, empleo pemex tabasco, vacantes pemex tabasco, sindicato pemex tabasco, noticias pemex tabasco, noticias pemex villahermosa, producci\u00f3n petr\u00f3leo tabasco, extracci\u00f3n petr\u00f3leo tabasco, pozos petroleros tabasco, plataformas petroleras tabasco, perforaci\u00f3n tabasco, offshore tabasco, petr\u00f3leo crudo tabasco, energ\u00eda tabasco, combustibles tabasco, gasolina pemex tabasco, gas natural tabasco, petroqu\u00edmica tabasco, pemex econom\u00eda tabasco, pemex inversiones tabasco, contratos pemex tabasco, licitaciones pemex tabasco, corrupci\u00f3n pemex tabasco, huelga pemex tabasco, sindicato petrolero tabasco, obreros pemex tabasco, trabajadores pemex tabasco, ingenier\u00eda petrolera tabasco, universidades petr\u00f3leo tabasco, investigaci\u00f3n petr\u00f3leo tabasco, pemex cultura laboral tabasco, accidentes pemex tabasco, explosiones pemex tabasco, seguridad pemex tabasco, transporte petr\u00f3leo tabasco, ductos pemex tabasco, fugas pemex tabasco, derrames petr\u00f3leo tabasco, impacto ambiental pemex tabasco, ecolog\u00eda pemex tabasco, contaminaci\u00f3n pemex tabasco, energ\u00eda renovable tabasco, transici\u00f3n energ\u00e9tica tabasco, futuro pemex tabasco, petr\u00f3leo econom\u00eda tabasco, exportaci\u00f3n petr\u00f3leo tabasco, petr\u00f3leo importaci\u00f3n tabasco, gasolina villahermosa, gasolineras pemex tabasco, estaciones servicio pemex tabasco, precios gasolina tabasco, precios di\u00e9sel tabasco, energ\u00eda y desarrollo tabasco, pemex desarrollo econ\u00f3mico tabasco, inversiones dos bocas, megaproyectos tabasco, petr\u00f3leo empleo tabasco, pemex turismo tabasco, visitas refiner\u00eda dos bocas, pol\u00edtica energ\u00e9tica tabasco, gobierno pemex tabasco, AMLO pemex tabasco, presidencia pemex tabasco, futuro refiner\u00eda tabasco, producci\u00f3n dos bocas, pemex impacto tabasco, energ\u00eda limpia tabasco, transici\u00f3n pemex tabasco, gasolinazo tabasco, protesta pemex tabasco, comunidades petroleras tabasco, para\u00edso pemex tabasco, econom\u00eda petrolera villahermosa, renta petrolera tabasco, reservas petr\u00f3leo tabasco, petr\u00f3leo onshore tabasco, exportaciones tabasco pemex, infraestructura pemex tabasco, log\u00edstica petr\u00f3leo tabasco, hidrocarburos tabasco, refinaci\u00f3n tabasco, mercado energ\u00e9tico tabasco, competencia pemex tabasco, reforma energ\u00e9tica tabasco, oposici\u00f3n pemex tabasco, apoyo pemex tabasco, industria energ\u00eda tabasco, hidrocarburos villahermosa, producci\u00f3n barriles tabasco, econom\u00eda petr\u00f3leo tabasco, inversi\u00f3n extranjera tabasco petr\u00f3leo, futuro energ\u00e9tico tabasco, pemex y sociedad tabasco, pemex trabajadores villahermosa,<\/p>\n<p>cannabis pemex tabasco, cannabis petr\u00f3leo tabasco, cannabis econom\u00eda petrolera tabasco, cannabis obreros tabasco, cannabis sindicato pemex, cannabis comunidad petrolera, cannabis futuro energ\u00e9tico tabasco, cannabis pol\u00edtica tabasco, cannabis petr\u00f3leo cultura tabasco, cannabis y medio ambiente tabasco, cannabis turismo petrolero tabasco, cannabis en para\u00edso tabasco, cannabis y refiner\u00eda dos bocas, cannabis en pueblos petroleros, cannabis en villahermosa obreros, cannabis econom\u00eda local tabasco, cannabis impacto social tabasco, cannabis tabasco industria, cannabis futuro tabasco.<\/p>\n<hr \/>\n<p>&nbsp;<\/p>\n","protected":false},"excerpt":{"rendered":"<p>&nbsp; cannabis tabasco, cannabis villahermosa, marihuana tabasco, marihuana villahermosa, weed tabasco, weed villahermosa, mota tabasco, mota villahermosa, dispensarios cannabis tabasco, venta cannabis tabasco, cannabis medicinal tabasco, marihuana medicinal tabasco, marihuana recreativa tabasco, cultivo cannabis tabasco, cultivo marihuana tabasco, growshops tabasco, growshops villahermosa, semillas cannabis tabasco, semillas marihuana tabasco, legalidad cannabis tabasco, leyes cannabis tabasco, consumo [&hellip;]<\/p>\n","protected":false},"author":1,"featured_media":0,"parent":0,"menu_order":0,"comment_status":"closed","ping_status":"closed","template":"","meta":{"footnotes":""},"class_list":["post-34","page","type-page","status-publish","hentry"],"yoast_head":"<!-- This site is optimized with the Yoast SEO plugin v26.0 - https:\/\/yoast.com\/wordpress\/plugins\/seo\/ -->\n<title>metatags3-TB - 420 Tabasco Comprar Mota Marihuana Tabasco Villahermosa Entrega en Casa y Envios Nacionales \u2013 Whatsapp: 00528135669557 \u2013 Eva Whatsapp Secundario : 00528132769756 Mike \u2013<\/title>\n<meta name=\"robots\" content=\"index, follow, max-snippet:-1, max-image-preview:large, max-video-preview:-1\" \/>\n<link rel=\"canonical\" href=\"https:\/\/tabasco420.com\/index.php\/metatags3-tb\/\" \/>\n<meta property=\"og:locale\" content=\"es_MX\" \/>\n<meta property=\"og:type\" content=\"article\" \/>\n<meta property=\"og:title\" content=\"metatags3-TB - 420 Tabasco Comprar Mota Marihuana Tabasco Villahermosa Entrega en Casa y Envios Nacionales \u2013 Whatsapp: 00528135669557 \u2013 Eva Whatsapp Secundario : 00528132769756 Mike \u2013\" \/>\n<meta property=\"og:description\" content=\"&nbsp; cannabis tabasco, cannabis villahermosa, marihuana tabasco, marihuana villahermosa, weed tabasco, weed villahermosa, mota tabasco, mota villahermosa, dispensarios cannabis tabasco, venta cannabis tabasco, cannabis medicinal tabasco, marihuana medicinal tabasco, marihuana recreativa tabasco, cultivo cannabis tabasco, cultivo marihuana tabasco, growshops tabasco, growshops villahermosa, semillas cannabis tabasco, semillas marihuana tabasco, legalidad cannabis tabasco, leyes cannabis tabasco, consumo [&hellip;]\" \/>\n<meta property=\"og:url\" content=\"https:\/\/tabasco420.com\/index.php\/metatags3-tb\/\" \/>\n<meta property=\"og:site_name\" content=\"420 Tabasco Comprar Mota Marihuana Tabasco Villahermosa Entrega en Casa y Envios Nacionales \u2013 Whatsapp: 00528135669557 \u2013 Eva Whatsapp Secundario : 00528132769756 Mike \u2013\" \/>\n<meta name=\"twitter:card\" content=\"summary_large_image\" \/>\n<meta name=\"twitter:label1\" content=\"Tiempo de lectura\" \/>\n\t<meta name=\"twitter:data1\" content=\"4 minutos\" \/>\n<script type=\"application\/ld+json\" class=\"yoast-schema-graph\">{\"@context\":\"https:\/\/schema.org\",\"@graph\":[{\"@type\":\"WebPage\",\"@id\":\"https:\/\/tabasco420.com\/index.php\/metatags3-tb\/\",\"url\":\"https:\/\/tabasco420.com\/index.php\/metatags3-tb\/\",\"name\":\"metatags3-TB - 420 Tabasco Comprar Mota Marihuana Tabasco Villahermosa Entrega en Casa y Envios Nacionales \u2013 Whatsapp: 00528135669557 \u2013 Eva Whatsapp Secundario : 00528132769756 Mike \u2013\",\"isPartOf\":{\"@id\":\"https:\/\/tabasco420.com\/#website\"},\"datePublished\":\"2025-09-24T17:47:48+00:00\",\"breadcrumb\":{\"@id\":\"https:\/\/tabasco420.com\/index.php\/metatags3-tb\/#breadcrumb\"},\"inLanguage\":\"es\",\"potentialAction\":[{\"@type\":\"ReadAction\",\"target\":[\"https:\/\/tabasco420.com\/index.php\/metatags3-tb\/\"]}]},{\"@type\":\"BreadcrumbList\",\"@id\":\"https:\/\/tabasco420.com\/index.php\/metatags3-tb\/#breadcrumb\",\"itemListElement\":[{\"@type\":\"ListItem\",\"position\":1,\"name\":\"Inicio\",\"item\":\"https:\/\/tabasco420.com\/\"},{\"@type\":\"ListItem\",\"position\":2,\"name\":\"metatags3-TB\"}]},{\"@type\":\"WebSite\",\"@id\":\"https:\/\/tabasco420.com\/#website\",\"url\":\"https:\/\/tabasco420.com\/\",\"name\":\"420 Tabasco Comprar Mota Marihuana Tabasco Villahermosa Entrega en Casa y Envios Nacionales \u2013 Whatsapp: 00528135669557 \u2013 Eva Whatsapp Secundario : 00528132769756 Mike \u2013\",\"description\":\"Aunque nacimos con la visi\u00f3n de llevar la cultura 420 a Tabasco y Villahermosa, hoy llegamos a cada rinc\u00f3n de M\u00e9xico con la misma pasi\u00f3n: ofrecerte acceso f\u00e1cil, r\u00e1pido y seguro a lo que buscas.  Ya seas de Villahermosa, Monterrey, CDMX, Guadalajara, Oaxaca o Canc\u00fan, en Tabasco420.com tenemos la soluci\u00f3n para ti.\",\"publisher\":{\"@id\":\"https:\/\/tabasco420.com\/#organization\"},\"potentialAction\":[{\"@type\":\"SearchAction\",\"target\":{\"@type\":\"EntryPoint\",\"urlTemplate\":\"https:\/\/tabasco420.com\/?s={search_term_string}\"},\"query-input\":{\"@type\":\"PropertyValueSpecification\",\"valueRequired\":true,\"valueName\":\"search_term_string\"}}],\"inLanguage\":\"es\"},{\"@type\":\"Organization\",\"@id\":\"https:\/\/tabasco420.com\/#organization\",\"name\":\"420 Tabasco Comprar Mota Marihuana Tabasco Villahermosa Entrega en Casa y Envios Nacionales \u2013 Whatsapp: 00528135669557 \u2013 Eva Whatsapp Secundario : 00528132769756 Mike \u2013\",\"url\":\"https:\/\/tabasco420.com\/\",\"logo\":{\"@type\":\"ImageObject\",\"inLanguage\":\"es\",\"@id\":\"https:\/\/tabasco420.com\/#\/schema\/logo\/image\/\",\"url\":\"https:\/\/tabasco420.com\/wp-content\/uploads\/2025\/09\/cropped-austintx5.jpg\",\"contentUrl\":\"https:\/\/tabasco420.com\/wp-content\/uploads\/2025\/09\/cropped-austintx5.jpg\",\"width\":512,\"height\":512,\"caption\":\"420 Tabasco Comprar Mota Marihuana Tabasco Villahermosa Entrega en Casa y Envios Nacionales \u2013 Whatsapp: 00528135669557 \u2013 Eva Whatsapp Secundario : 00528132769756 Mike \u2013\"},\"image\":{\"@id\":\"https:\/\/tabasco420.com\/#\/schema\/logo\/image\/\"}}]}<\/script>\n<!-- \/ Yoast SEO plugin. -->","yoast_head_json":{"title":"metatags3-TB - 420 Tabasco Comprar Mota Marihuana Tabasco Villahermosa Entrega en Casa y Envios Nacionales \u2013 Whatsapp: 00528135669557 \u2013 Eva Whatsapp Secundario : 00528132769756 Mike \u2013","robots":{"index":"index","follow":"follow","max-snippet":"max-snippet:-1","max-image-preview":"max-image-preview:large","max-video-preview":"max-video-preview:-1"},"canonical":"https:\/\/tabasco420.com\/index.php\/metatags3-tb\/","og_locale":"es_MX","og_type":"article","og_title":"metatags3-TB - 420 Tabasco Comprar Mota Marihuana Tabasco Villahermosa Entrega en Casa y Envios Nacionales \u2013 Whatsapp: 00528135669557 \u2013 Eva Whatsapp Secundario : 00528132769756 Mike \u2013","og_description":"&nbsp; cannabis tabasco, cannabis villahermosa, marihuana tabasco, marihuana villahermosa, weed tabasco, weed villahermosa, mota tabasco, mota villahermosa, dispensarios cannabis tabasco, venta cannabis tabasco, cannabis medicinal tabasco, marihuana medicinal tabasco, marihuana recreativa tabasco, cultivo cannabis tabasco, cultivo marihuana tabasco, growshops tabasco, growshops villahermosa, semillas cannabis tabasco, semillas marihuana tabasco, legalidad cannabis tabasco, leyes cannabis tabasco, consumo [&hellip;]","og_url":"https:\/\/tabasco420.com\/index.php\/metatags3-tb\/","og_site_name":"420 Tabasco Comprar Mota Marihuana Tabasco Villahermosa Entrega en Casa y Envios Nacionales \u2013 Whatsapp: 00528135669557 \u2013 Eva Whatsapp Secundario : 00528132769756 Mike \u2013","twitter_card":"summary_large_image","twitter_misc":{"Tiempo de lectura":"4 minutos"},"schema":{"@context":"https:\/\/schema.org","@graph":[{"@type":"WebPage","@id":"https:\/\/tabasco420.com\/index.php\/metatags3-tb\/","url":"https:\/\/tabasco420.com\/index.php\/metatags3-tb\/","name":"metatags3-TB - 420 Tabasco Comprar Mota Marihuana Tabasco Villahermosa Entrega en Casa y Envios Nacionales \u2013 Whatsapp: 00528135669557 \u2013 Eva Whatsapp Secundario : 00528132769756 Mike \u2013","isPartOf":{"@id":"https:\/\/tabasco420.com\/#website"},"datePublished":"2025-09-24T17:47:48+00:00","breadcrumb":{"@id":"https:\/\/tabasco420.com\/index.php\/metatags3-tb\/#breadcrumb"},"inLanguage":"es","potentialAction":[{"@type":"ReadAction","target":["https:\/\/tabasco420.com\/index.php\/metatags3-tb\/"]}]},{"@type":"BreadcrumbList","@id":"https:\/\/tabasco420.com\/index.php\/metatags3-tb\/#breadcrumb","itemListElement":[{"@type":"ListItem","position":1,"name":"Inicio","item":"https:\/\/tabasco420.com\/"},{"@type":"ListItem","position":2,"name":"metatags3-TB"}]},{"@type":"WebSite","@id":"https:\/\/tabasco420.com\/#website","url":"https:\/\/tabasco420.com\/","name":"420 Tabasco Comprar Mota Marihuana Tabasco Villahermosa Entrega en Casa y Envios Nacionales \u2013 Whatsapp: 00528135669557 \u2013 Eva Whatsapp Secundario : 00528132769756 Mike \u2013","description":"Aunque nacimos con la visi\u00f3n de llevar la cultura 420 a Tabasco y Villahermosa, hoy llegamos a cada rinc\u00f3n de M\u00e9xico con la misma pasi\u00f3n: ofrecerte acceso f\u00e1cil, r\u00e1pido y seguro a lo que buscas.  Ya seas de Villahermosa, Monterrey, CDMX, Guadalajara, Oaxaca o Canc\u00fan, en Tabasco420.com tenemos la soluci\u00f3n para ti.","publisher":{"@id":"https:\/\/tabasco420.com\/#organization"},"potentialAction":[{"@type":"SearchAction","target":{"@type":"EntryPoint","urlTemplate":"https:\/\/tabasco420.com\/?s={search_term_string}"},"query-input":{"@type":"PropertyValueSpecification","valueRequired":true,"valueName":"search_term_string"}}],"inLanguage":"es"},{"@type":"Organization","@id":"https:\/\/tabasco420.com\/#organization","name":"420 Tabasco Comprar Mota Marihuana Tabasco Villahermosa Entrega en Casa y Envios Nacionales \u2013 Whatsapp: 00528135669557 \u2013 Eva Whatsapp Secundario : 00528132769756 Mike \u2013","url":"https:\/\/tabasco420.com\/","logo":{"@type":"ImageObject","inLanguage":"es","@id":"https:\/\/tabasco420.com\/#\/schema\/logo\/image\/","url":"https:\/\/tabasco420.com\/wp-content\/uploads\/2025\/09\/cropped-austintx5.jpg","contentUrl":"https:\/\/tabasco420.com\/wp-content\/uploads\/2025\/09\/cropped-austintx5.jpg","width":512,"height":512,"caption":"420 Tabasco Comprar Mota Marihuana Tabasco Villahermosa Entrega en Casa y Envios Nacionales \u2013 Whatsapp: 00528135669557 \u2013 Eva Whatsapp Secundario : 00528132769756 Mike \u2013"},"image":{"@id":"https:\/\/tabasco420.com\/#\/schema\/logo\/image\/"}}]}},"_links":{"self":[{"href":"https:\/\/tabasco420.com\/index.php\/wp-json\/wp\/v2\/pages\/34","targetHints":{"allow":["GET"]}}],"collection":[{"href":"https:\/\/tabasco420.com\/index.php\/wp-json\/wp\/v2\/pages"}],"about":[{"href":"https:\/\/tabasco420.com\/index.php\/wp-json\/wp\/v2\/types\/page"}],"author":[{"embeddable":true,"href":"https:\/\/tabasco420.com\/index.php\/wp-json\/wp\/v2\/users\/1"}],"replies":[{"embeddable":true,"href":"https:\/\/tabasco420.com\/index.php\/wp-json\/wp\/v2\/comments?post=34"}],"version-history":[{"count":1,"href":"https:\/\/tabasco420.com\/index.php\/wp-json\/wp\/v2\/pages\/34\/revisions"}],"predecessor-version":[{"id":35,"href":"https:\/\/tabasco420.com\/index.php\/wp-json\/wp\/v2\/pages\/34\/revisions\/35"}],"wp:attachment":[{"href":"https:\/\/tabasco420.com\/index.php\/wp-json\/wp\/v2\/media?parent=34"}],"curies":[{"name":"wp","href":"https:\/\/api.w.org\/{rel}","templated":true}]}}